{"id":13,"date":"2015-10-14T15:10:49","date_gmt":"2015-10-14T14:10:49","guid":{"rendered":"http:\/\/lucygathier.com\/site\/?page_id=13"},"modified":"2025-04-14T16:15:55","modified_gmt":"2025-04-14T15:15:55","slug":"contact-voix-off-bilingue-anglaise","status":"publish","type":"page","link":"https:\/\/www.lucygathier.com\/site\/en\/contact-voix-off-bilingue-anglaise\/","title":{"rendered":"Contact"},"content":{"rendered":"<p style=\"text-align: center;\">Trouvez votre voix off bilingue anglaise : c&#8217;est donc ici que \u00e7a se passe si vous souhaitez entrer en contact avec moi !<\/p>\n<p style=\"text-align: center;\">Si vous avez une question, une demande de renseignement, un besoin de devis ou si vous souhaitez tout simplement en savoir plus sur ce fabuleux m\u00e9tier de voix off, ou encore sur la sp\u00e9cificit\u00e9 d&#8217;\u00eatre bilingue de naissance, n&#8217;h\u00e9sitez pas \u00e0 me contacter, je me ferai un plaisir de r\u00e9pondre \u00e0 vos demandes !<\/p>\n<p style=\"text-align: center;\">Vous pouvez \u00e9galement vous inscrire \u00e0 ma newsletter pour \u00eatre s\u00fbr-e de ne rater aucune actualit\u00e9. Soucieuse de la qualit\u00e9 de mes newsletters, je limite cet exercice \u00e0 1 ou 2 fois par an : rassurez-vous donc, vous ne serez pas inond\u00e9-e par des mails intempestifs, c&#8217;est promis !<\/p>\n<p style=\"text-align: center;\">Pour toute information, demande de d\u00e9mo <strong>voix off<\/strong> bilingue anglaise ou de devis pour un enregistrement \u00e0 distance en Home Studio, merci de me contacter<\/p>\n<h2>Mail<\/h2>\n[si-contact-form form=&#8217;2&#8242;]\n[\/su_row]\n<div class=\"su-row\">\n<h2>Newsletter<\/h2>\n<p><!-- Begin MailChimp Signup Form --><\/p>\n<div id=\"mc_embed_signup\">\n<form id=\"mc-embedded-subscribe-form\" class=\"validate\" action=\"http:\/\/lucygathier.us7.list-manage1.com\/subscribe\/post?u=27b55116046afc4e96432eff1&amp;id=fd9e0e48af\" method=\"post\" name=\"mc-embedded-subscribe-form\" target=\"_blank\">\n<div class=\"mc-field-group\"><label for=\"mce-EMAIL\">Votre mail<br \/>\n<\/label><br \/>\n<input id=\"mce-EMAIL\" class=\"mailer\" name=\"EMAIL\" type=\"text\" value=\"\" \/><\/div>\n<div id=\"mce-responses\" class=\"clear\"><\/div>\n<div class=\"valid\" style=\"float: right; margin-top: 10px;\"><input id=\"mc-embedded-subscribe\" name=\"subscribe\" type=\"submit\" value=\"Subscribe\" \/><\/div>\n<\/form>\n<\/div>\n<p>&nbsp;<\/p>\n<p><img loading=\"lazy\" decoding=\"async\" class=\"alignnone wp-image-366 size-full\" src=\"http:\/\/lucygathier.com\/site\/wp-content\/uploads\/2015\/10\/1452179069_phone.png\" alt=\"hone\" width=\"32\" height=\"32\" \/> +33 6 26 64 36 26<\/p>\n<p><img loading=\"lazy\" decoding=\"async\" class=\"alignnone wp-image-370 size-full\" src=\"http:\/\/lucygathier.com\/site\/wp-content\/uploads\/2015\/10\/1452179245_icon-7-mail-envelope-open.png\" alt=\"mail\" width=\"32\" height=\"32\" \/> <a href=\"mailto:lucy.gathier@yahoo.fr\">lucy.gathier@yahoo.fr<\/a><\/p>\n<p><a href=\"https:\/\/www.facebook.com\/lucy.gathier\/\"><img loading=\"lazy\" decoding=\"async\" class=\"alignnone wp-image-375 size-full\" src=\"https:\/\/lucygathier.com\/site\/wp-content\/uploads\/2015\/10\/1452179489_facebook_online_social_media.png\" alt=\"\" width=\"32\" height=\"32\" \/><\/a> Retrouvez-moi \u00e9galement sur\u00a0<a href=\"http:\/\/www.facebook.com\/lucy.gathier\/\" target=\"_blank\" rel=\"noopener noreferrer\">Facebook<\/a><\/p>\n<\/div>\n<p style=\"text-align: center;\">Trouvez votre voix off bilingue anglaise : c&#8217;est donc ici que \u00e7a se passe si vous souhaitez entrer en contact avec moi !<\/p>\n<p style=\"text-align: center;\">Si vous avez une question, une demande de renseignement, un besoin de devis ou si vous souhaitez tout simplement en savoir plus sur ce fabuleux m\u00e9tier de voix off, ou encore sur la sp\u00e9cificit\u00e9 d&#8217;\u00eatre bilingue de naissance, n&#8217;h\u00e9sitez pas \u00e0 me contacter, je me ferai un plaisir de r\u00e9pondre \u00e0 vos demandes !<\/p>\n<p style=\"text-align: center;\">Vous pouvez \u00e9galement vous inscrire \u00e0 ma newsletter pour \u00eatre s\u00fbr-e de ne rater aucune actualit\u00e9. Soucieuse de la qualit\u00e9 de mes newsletters, je limite cet exercice \u00e0 1 ou 2 fois par an : rassurez-vous donc, vous ne serez pas inond\u00e9-e par des mails intempestifs, c&#8217;est promis !<\/p>\n<p style=\"text-align: center;\">Pour toute information, demande de d\u00e9mo <strong>voix off<\/strong> bilingue anglaise ou de devis pour un enregistrement \u00e0 distance en Home Studio, merci de me contacter<\/p>\n<h2>Mail<\/h2>\n[si-contact-form form=&#8217;2&#8242;]\n[\/su_row]\n<div class=\"su-row\">\n<h2>Newsletter<\/h2>\n<p><!-- Begin MailChimp Signup Form --><\/p>\n<div id=\"mc_embed_signup\">\n<form id=\"mc-embedded-subscribe-form\" class=\"validate\" action=\"http:\/\/lucygathier.us7.list-manage1.com\/subscribe\/post?u=27b55116046afc4e96432eff1&amp;id=fd9e0e48af\" method=\"post\" name=\"mc-embedded-subscribe-form\" target=\"_blank\">\n<div class=\"mc-field-group\"><label for=\"mce-EMAIL\">Votre mail<br \/>\n<\/label><br \/>\n<input id=\"mce-EMAIL\" class=\"mailer\" name=\"EMAIL\" type=\"text\" value=\"\" \/><\/div>\n<div id=\"mce-responses\" class=\"clear\"><\/div>\n<div class=\"valid\" style=\"float: right; margin-top: 10px;\"><input id=\"mc-embedded-subscribe\" name=\"subscribe\" type=\"submit\" value=\"Subscribe\" \/><\/div>\n<\/form>\n<\/div>\n<p>&nbsp;<\/p>\n<p><img loading=\"lazy\" decoding=\"async\" class=\"alignnone wp-image-366 size-full\" src=\"http:\/\/lucygathier.com\/site\/wp-content\/uploads\/2015\/10\/1452179069_phone.png\" alt=\"hone\" width=\"32\" height=\"32\" \/> +33 6 26 64 36 26<\/p>\n<p><img loading=\"lazy\" decoding=\"async\" class=\"alignnone wp-image-370 size-full\" src=\"http:\/\/lucygathier.com\/site\/wp-content\/uploads\/2015\/10\/1452179245_icon-7-mail-envelope-open.png\" alt=\"mail\" width=\"32\" height=\"32\" \/> <a href=\"mailto:lucy.gathier@yahoo.fr\">lucy.gathier@yahoo.fr<\/a><\/p>\n<p><a href=\"https:\/\/www.facebook.com\/lucy.gathier\/\"><img loading=\"lazy\" decoding=\"async\" class=\"alignnone wp-image-375 size-full\" src=\"https:\/\/lucygathier.com\/site\/wp-content\/uploads\/2015\/10\/1452179489_facebook_online_social_media.png\" alt=\"\" width=\"32\" height=\"32\" \/><\/a> Retrouvez-moi \u00e9galement sur\u00a0<a href=\"http:\/\/www.facebook.com\/lucy.gathier\/\" target=\"_blank\" rel=\"noopener noreferrer\">Facebook<\/a><\/p>\n<\/div>","protected":false},"excerpt":{"rendered":"<p>Trouvez votre voix off bilingue anglaise : c&#8217;est donc ici que \u00e7a se passe si vous souhaitez entrer en contact avec moi ! Si vous avez une question, une demande de renseignement, un besoin de devis ou si vous souhaitez tout simplement en savoir plus sur ce fabuleux m\u00e9tier de voix off, ou encore sur [&hellip;]<\/p>\n","protected":false},"author":1,"featured_media":0,"parent":0,"menu_order":0,"comment_status":"closed","ping_status":"closed","template":"","meta":{"footnotes":""},"class_list":["post-13","page","type-page","status-publish","hentry"],"_links":{"self":[{"href":"https:\/\/www.lucygathier.com\/site\/en\/wp-json\/wp\/v2\/pages\/13","targetHints":{"allow":["GET"]}}],"collection":[{"href":"https:\/\/www.lucygathier.com\/site\/en\/wp-json\/wp\/v2\/pages"}],"about":[{"href":"https:\/\/www.lucygathier.com\/site\/en\/wp-json\/wp\/v2\/types\/page"}],"author":[{"embeddable":true,"href":"https:\/\/www.lucygathier.com\/site\/en\/wp-json\/wp\/v2\/users\/1"}],"replies":[{"embeddable":true,"href":"https:\/\/www.lucygathier.com\/site\/en\/wp-json\/wp\/v2\/comments?post=13"}],"version-history":[{"count":69,"href":"https:\/\/www.lucygathier.com\/site\/en\/wp-json\/wp\/v2\/pages\/13\/revisions"}],"predecessor-version":[{"id":1127,"href":"https:\/\/www.lucygathier.com\/site\/en\/wp-json\/wp\/v2\/pages\/13\/revisions\/1127"}],"wp:attachment":[{"href":"https:\/\/www.lucygathier.com\/site\/en\/wp-json\/wp\/v2\/media?parent=13"}],"curies":[{"name":"wp","href":"https:\/\/api.w.org\/{rel}","templated":true}]}}