{"id":101,"date":"2015-10-28T12:42:18","date_gmt":"2015-10-28T11:42:18","guid":{"rendered":"http:\/\/lucygathier.com\/site\/?page_id=101"},"modified":"2025-01-13T21:17:13","modified_gmt":"2025-01-13T20:17:13","slug":"voix-off-anglaise-2","status":"publish","type":"page","link":"https:\/\/www.lucygathier.com\/site\/voix-off-anglaise-2\/","title":{"rendered":"Bio voix off"},"content":{"rendered":"<div id=\"voixoff\">\n<blockquote>\n<p style=\"text-align: center;\">Une voix off bilingue alliant qualit\u00e9 et r\u00e9activit\u00e9 depuis 2008<\/p>\n<\/blockquote>\n<h4 style=\"text-align: right;\">06 26 64 36 26<\/h4>\n<h2>Voix off bilingue<\/h2>\n<p>Depuis 2008, je suis <strong>voix off bilingue anglaise<\/strong> pour tout type de production audiovisuelle n\u00e9cessitant une <strong>voix off<\/strong> professionnelle de langue maternelle anglaise et fran\u00e7aise.<\/p>\n<p style=\"text-align: justify;\">N\u00e9e en France d\u2019une m\u00e8re Australienne, je suis<strong> bilingue de naissance<\/strong>, l\u2019anglais et le fran\u00e7ais \u00e9tant mes<strong>\u00a02 langues maternelles<\/strong> que je ma\u00eetrise parfaitement tant \u00e0 l\u2019oral qu\u2019\u00e0 l\u2019\u00e9crit. Mon accent en anglais est international\/neutre, accessible aux anglophones du monde entier.<\/p>\n<p style=\"text-align: justify;\">Pour vos projets E-Learning, motion design, film corporate, voice over, SVI&#8230; je vous propose des enregistrements <strong>voix off<\/strong> dans ces 2 langues.<\/p>\n<p style=\"text-align: center;\"><a href=\"https:\/\/lucygathier.com\/site\/voix-off-anglaise-2\/anglaise\/\"><strong>Cliquez ici pour \u00e9couter mes d\u00e9mos en anglais<\/strong><\/a><\/p>\n<p style=\"text-align: center;\"><strong><a href=\"https:\/\/lucygathier.com\/site\/voix-off-anglaise-2\/francais\/\">Cliquez ici pour \u00e9couter mes d\u00e9mos en fran\u00e7ais<\/a><\/strong><\/p>\n<ul>\n<li style=\"text-align: left;\">Film institutionnel (Corporate) \/ film d&rsquo;entreprise<\/li>\n<li style=\"text-align: left;\">E-Learning<\/li>\n<li>Motion Design<\/li>\n<li style=\"text-align: left;\">T\u00e9l\u00e9phonie \u2013 R\u00e9pondeur, Serveur vocal interactif (SVI)<\/li>\n<li style=\"text-align: left;\">Documentaire<\/li>\n<li style=\"text-align: left;\">Podcast \u2013 Radio d\u2019entreprise<\/li>\n<li style=\"text-align: left;\">Reportage TV<\/li>\n<li style=\"text-align: left;\">Livre audio<\/li>\n<li style=\"text-align: left;\">Audio-guide \u2026<\/li>\n<\/ul>\n<p style=\"text-align: justify;\"><strong>Home Studio<\/strong> pro enti\u00e8rement \u00e9quip\u00e9 : cabine d&rsquo;enregistrement insonoris\u00e9e et Micro SHURE PG42<\/p>\n<p style=\"text-align: justify;\">Enregistrements r\u00e9alis\u00e9s en voix brute et \u00e9dit\u00e9s avant livraison.<\/p>\n<p style=\"text-align: justify;\">Services \u00e0 la carte : synchronisation son\/image, d\u00e9coupage de fichiers\u2026<\/p>\n<p style=\"text-align: justify;\">Livraison par Email, WeTransfer ou FTP dans le format de votre choix : WAV, MP3, AIFF \u2026<\/p>\n<p style=\"text-align: center;\"><a href=\"https:\/\/lucygathier.com\/site\/contact\/\"><strong>Contactez-moi<\/strong> pour un devis ou pour tout autre renseignement<\/a><\/p>\n<\/div>\n<div id=\"serviceeditorial\">\n<h2>Service \u00e9ditorial<\/h2>\n<p style=\"text-align: justify;\">Je suis \u00e9galement \u00e0 votre disposition pour vos besoins \u00e9ditoriaux en rapport avec votre production audiovisuelle. Notez toutefois que je ne r\u00e9alise plus de traductions mais je reste disponible pour les prestations indiqu\u00e9es ci-dessous.<\/p>\n<h3>Relecture corrective en anglais et fran\u00e7ais<\/h3>\n<p style=\"text-align: justify;\">Vous avez des doutes quant \u00e0 la qualit\u00e9 et la pertinence d\u2019une traduction? Vous pouvez me la soumettre pour une v\u00e9rification de la syntaxe, de la grammaire et de la coh\u00e9rence globale, du respect du contenu d\u2019origine, du style et du registre linguistique. Enfin, il sera peut-\u00eatre n\u00e9cessaire d\u2019adapter la version au support requis (voice over par exemple). Dans tous les cas, n\u2019oubliez pas de me fournir aussi la version originale.<\/p>\n<h3>Adaptation de texte pour voix off<\/h3>\n<p style=\"text-align: justify;\">Une traduction doit respecter certains crit\u00e8res en fonction de sa finalit\u00e9 : s\u2019agit-il d\u2019une traduction pour des sous-titres? Pour une <strong>voix off\u00a0<\/strong>? Je vous propose ce service en compl\u00e9ment d\u2019une relecture corrective ou lorsqu\u2019il ne m\u2019est pas possible d\u2019enregistrer le texte en l\u2019\u00e9tat. Une adaptation au voice over\u00a0ou \u00e0 la<strong> voix off<\/strong> doit respecter les time codes ce qui n\u00e9cessite parfois un travail approfondi de reformulation. Il faut aussi prendre en compte la sp\u00e9cificit\u00e9 d\u2019un texte \u00e9crit dont le message sera exprim\u00e9 \u00e0 l\u2019oral. Ici, il faut penser phon\u00e9tique\u00a0: est-ce que cette phrase ou cette association de mots \u00a0 \u00a0 \u00a0 \u00a0\u00ab sonne \u00bb bien lorsqu\u2019elle est prononc\u00e9e \u00e0 l\u2019oral ?<\/p>\n<h3><strong>Conseil r\u00e9dactionnel<\/strong><\/h3>\n<p style=\"text-align: justify;\">Vous r\u00e9digez un texte et avez besoin d\u2019un regard ext\u00e9rieur et objectif ? Vous butez sur un mot, une formulation, avez des difficult\u00e9s \u00e0 transmettre une id\u00e9e \u00e0 l\u2019\u00e9crit ou \u00e0 finaliser le travail ? Que ce soit sur le texte dans son int\u00e9gralit\u00e9 ou sur des parties sp\u00e9cifiques, je peux vous sugg\u00e9rer des modifications tout en respectant le registre linguistique et le style du document.<\/p>\n<h3>Retranscription audio<\/h3>\n<p style=\"text-align: justify;\">Vous souhaitez faire traduire un texte audio ou une interview sur vid\u00e9o ? Pour garantir une bonne qualit\u00e9 de traduction, il est n\u00e9cessaire d\u2019avoir une version \u00e9crite du texte source. Je propose ce service que je r\u00e9alise dans mon bureau avec mon mat\u00e9riel de <strong>voix off<\/strong> : enceintes haute qualit\u00e9 et ordinateur \u00e0 double \u00e9cran (r\u00e9daction + fichier vid\u00e9o ou audio) pour un gain de temps consid\u00e9rable. Ce service de retranscription est possible dans les 2 langues.<\/p>\n<p style=\"text-align: center;\"><a href=\"https:\/\/lucygathier.com\/site\/contact\/\"><strong>Contactez-moi<\/strong> pour un devis ou pour tout autre renseignement<\/a><\/p>\n<div id=\"commentproceder\">\n<h2><\/h2>\n<h2>Comment proc\u00e9der<\/h2>\n<h3>Combien co\u00fbte\u00a0une prestation ?<\/h3>\n<p style=\"text-align: justify;\">Le prix d\u2019un enregistrement varie selon le type de support, le mode de diffusion, le public vis\u00e9, la dur\u00e9e. De ce fait, le tarif peut \u00eatre un forfait, un tarif \u00e0 la minute ou au mot. N\u2019h\u00e9sitez pas \u00e0 me fournir le plus d\u2019informations possible sur votre projet pour que je puisse vous fournir ma meilleure proposition tarifaire.<\/p>\n<h3>Que comprend la prestation ?<\/h3>\n<p style=\"text-align: justify;\">Lorsque vous commandez un enregistrement, la prestation compl\u00e8te comprend : l\u2019enregistrement en cabine de la voix brute, le nettoyage de la piste et la livraison dans le format souhait\u00e9 (MP3, WAV, AIFF\u2026). En compl\u00e9ment de cela, je peux aussi vous proposer le d\u00e9coupage et l\u2019indexation des fichiers (E-Learning, par exemple) et la synchronisation sur votre vid\u00e9o.<\/p>\n<h3>Quelles informations dois-je fournir avant de commander un enregistrement ?<\/h3>\n<p style=\"text-align: justify;\">Une fois que nous nous sommes mis d\u2019accord sur le tarif de la prestation, vous devez me fournir le texte \u00e0 enregistrer, les indications de ton, \u00e9ventuellement les mots ou phrases sur lesquels il faut mettre l\u2019accent et la dur\u00e9e estim\u00e9e de l\u2019enregistrement. Enfin, vous pouvez \u00e9galement m\u2019indiquer vos \u00e9ventuelles pr\u00e9f\u00e9rences d\u2019enregistrement (Khz, bits, format d\u2019exportation\u2026)<\/p>\n<h3>Les repiquages sont-ils factur\u00e9s ?<\/h3>\n<p style=\"text-align: justify;\">Si une intonation sur un mot ou une partie de phrase ne vous convient pas enti\u00e8rement, je r\u00e9-enregistre gratuitement la partie qui ne vous satisfait pas. Mais si le repiquage est le fait d\u2019une modification du texte, celui-ci est factur\u00e9.<\/p>\n<p style=\"text-align: center;\"><a href=\"https:\/\/lucygathier.com\/site\/contact\/\"><strong>Contactez-moi<\/strong> pour un devis ou pour tout autre renseignement<\/a><\/p>\n<p><a href=\"https:\/\/www.facebook.com\/lucy.gathier\/\"><img loading=\"lazy\" decoding=\"async\" class=\"alignnone wp-image-375 size-full\" src=\"https:\/\/lucygathier.com\/site\/wp-content\/uploads\/2015\/10\/1452179489_facebook_online_social_media.png\" alt=\"\" width=\"32\" height=\"32\" \/><\/a> Retrouvez-moi \u00e9galement sur <a href=\"https:\/\/www.facebook.com\/lucy.gathier\/\" target=\"_blank\" rel=\"noopener noreferrer\">Facebook<\/a><\/p>\n<\/div>\n<\/div>","protected":false},"excerpt":{"rendered":"<p>Une voix off bilingue alliant qualit\u00e9 et r\u00e9activit\u00e9 depuis 2008 06 26 64 36 26 Voix off bilingue Depuis 2008, je suis voix off bilingue anglaise pour tout type de production audiovisuelle n\u00e9cessitant une voix off professionnelle de langue maternelle anglaise et fran\u00e7aise. N\u00e9e en France d\u2019une m\u00e8re Australienne, je suis bilingue de naissance, l\u2019anglais [&hellip;]<\/p>\n","protected":false},"author":1,"featured_media":0,"parent":0,"menu_order":0,"comment_status":"closed","ping_status":"closed","template":"","meta":{"footnotes":""},"class_list":["post-101","page","type-page","status-publish","hentry"],"_links":{"self":[{"href":"https:\/\/www.lucygathier.com\/site\/wp-json\/wp\/v2\/pages\/101","targetHints":{"allow":["GET"]}}],"collection":[{"href":"https:\/\/www.lucygathier.com\/site\/wp-json\/wp\/v2\/pages"}],"about":[{"href":"https:\/\/www.lucygathier.com\/site\/wp-json\/wp\/v2\/types\/page"}],"author":[{"embeddable":true,"href":"https:\/\/www.lucygathier.com\/site\/wp-json\/wp\/v2\/users\/1"}],"replies":[{"embeddable":true,"href":"https:\/\/www.lucygathier.com\/site\/wp-json\/wp\/v2\/comments?post=101"}],"version-history":[{"count":148,"href":"https:\/\/www.lucygathier.com\/site\/wp-json\/wp\/v2\/pages\/101\/revisions"}],"predecessor-version":[{"id":1098,"href":"https:\/\/www.lucygathier.com\/site\/wp-json\/wp\/v2\/pages\/101\/revisions\/1098"}],"wp:attachment":[{"href":"https:\/\/www.lucygathier.com\/site\/wp-json\/wp\/v2\/media?parent=101"}],"curies":[{"name":"wp","href":"https:\/\/api.w.org\/{rel}","templated":true}]}}