{"id":13,"date":"2015-10-14T15:10:49","date_gmt":"2015-10-14T14:10:49","guid":{"rendered":"http:\/\/lucygathier.com\/site\/?page_id=13"},"modified":"2025-04-14T16:15:55","modified_gmt":"2025-04-14T15:15:55","slug":"contact-voix-off-bilingue-anglaise","status":"publish","type":"page","link":"https:\/\/www.lucygathier.com\/site\/contact-voix-off-bilingue-anglaise\/","title":{"rendered":"Contact"},"content":{"rendered":"<!-- Event snippet for Contact conversion page --> <script> gtag('event', 'conversion', {'send_to': 'AW-11559013531\/t3t1CJOy8IQaEJuZ4ocr'}); <\/script><\/p>\n<p style=\"text-align: center;\">Trouvez votre voix off bilingue anglaise : c&rsquo;est donc ici que \u00e7a se passe si vous souhaitez entrer en contact avec moi !<\/p>\n<p style=\"text-align: center;\">Si vous avez une question, une demande de renseignement, un besoin de devis ou si vous souhaitez tout simplement en savoir plus sur ce fabuleux m\u00e9tier de voix off, ou encore sur la sp\u00e9cificit\u00e9 d&rsquo;\u00eatre bilingue de naissance, n&rsquo;h\u00e9sitez pas \u00e0 me contacter, je me ferai un plaisir de r\u00e9pondre \u00e0 vos demandes.<\/p>\n<p style=\"text-align: center;\">Pour toute information, demande de d\u00e9mo <strong>voix off<\/strong> bilingue anglaise ou de devis pour un enregistrement \u00e0 distance en Home Studio, merci de me contacter.<\/p>\n<div class=\"su-row\">\n<h2>Mail<\/h2>\n\n<div class=\"wpcf7 no-js\" id=\"wpcf7-f1112-o1\" lang=\"fr-FR\" dir=\"ltr\" data-wpcf7-id=\"1112\">\n<div class=\"screen-reader-response\"><p role=\"status\" aria-live=\"polite\" aria-atomic=\"true\"><\/p> <ul><\/ul><\/div>\n<form action=\"\/site\/wp-json\/wp\/v2\/pages\/13#wpcf7-f1112-o1\" method=\"post\" class=\"wpcf7-form init\" aria-label=\"Formulaire de contact\" novalidate=\"novalidate\" data-status=\"init\">\n<div style=\"display: none;\">\n<input type=\"hidden\" name=\"_wpcf7\" value=\"1112\" \/>\n<input type=\"hidden\" name=\"_wpcf7_version\" value=\"6.0.6\" \/>\n<input type=\"hidden\" name=\"_wpcf7_locale\" value=\"fr_FR\" \/>\n<input type=\"hidden\" name=\"_wpcf7_unit_tag\" value=\"wpcf7-f1112-o1\" \/>\n<input type=\"hidden\" name=\"_wpcf7_container_post\" value=\"0\" \/>\n<input type=\"hidden\" name=\"_wpcf7_posted_data_hash\" value=\"\" \/>\n<\/div>\n<p><label> Votre nom<br \/>\n<span class=\"wpcf7-form-control-wrap\" data-name=\"your-name\"><input size=\"40\" maxlength=\"400\" class=\"wpcf7-form-control wpcf7-text wpcf7-validates-as-required\" aria-required=\"true\" aria-invalid=\"false\" value=\"\" type=\"text\" name=\"your-name\" \/><\/span> <\/label>\n<\/p>\n<p><label> Votre e-mail<br \/>\n<span class=\"wpcf7-form-control-wrap\" data-name=\"your-email\"><input size=\"40\" maxlength=\"400\" class=\"wpcf7-form-control wpcf7-email wpcf7-validates-as-required wpcf7-text wpcf7-validates-as-email\" aria-required=\"true\" aria-invalid=\"false\" value=\"\" type=\"email\" name=\"your-email\" \/><\/span> <\/label>\n<\/p>\n<p><label> Objet<br \/>\n<span class=\"wpcf7-form-control-wrap\" data-name=\"your-subject\"><input size=\"40\" maxlength=\"400\" class=\"wpcf7-form-control wpcf7-text wpcf7-validates-as-required\" aria-required=\"true\" aria-invalid=\"false\" value=\"\" type=\"text\" name=\"your-subject\" \/><\/span> <\/label>\n<\/p>\n<p><label> Votre message (facultatif)<br \/>\n<span class=\"wpcf7-form-control-wrap\" data-name=\"your-message\"><textarea cols=\"40\" rows=\"10\" maxlength=\"2000\" class=\"wpcf7-form-control wpcf7-textarea\" aria-invalid=\"false\" name=\"your-message\"><\/textarea><\/span> <\/label>\n<\/p>\n<p><input class=\"wpcf7-form-control wpcf7-submit has-spinner\" type=\"submit\" value=\"Envoyer\" \/>\n<\/p><div class=\"wpcf7-response-output\" aria-hidden=\"true\"><\/div>\n<\/form>\n<\/div>\n\n<\/div>\n<div class=\"su-row\">\n<p>&nbsp;<\/p>\n<p>&nbsp;<\/p>\n<p>Vous pouvez \u00e9galement vous inscrire \u00e0 ma newsletter pour \u00eatre s\u00fbr de ne rater aucune actualit\u00e9 sur la voix off. Soucieuse de la qualit\u00e9 de mes newsletters, je limite cet exercice \u00e0 1 ou 2 fois par an : rassurez-vous donc, vous ne serez pas inond\u00e9 par des mails intempestifs, c&rsquo;est promis ! Et vous pouvez vous d\u00e9sabonner \u00e0 tout moment.<\/p>\n<h2>Newsletter<\/h2>\n<p><!-- Begin MailChimp Signup Form --><\/p>\n<div id=\"mc_embed_signup\">\n<form id=\"mc-embedded-subscribe-form\" class=\"validate\" action=\"http:\/\/lucygathier.us7.list-manage1.com\/subscribe\/post?u=27b55116046afc4e96432eff1&amp;id=fd9e0e48af\" method=\"post\" name=\"mc-embedded-subscribe-form\" target=\"_blank\">\n<div class=\"mc-field-group\"><label for=\"mce-EMAIL\">Votre mail<br \/>\n<\/label><br \/>\n<input id=\"mce-EMAIL\" class=\"mailer\" name=\"EMAIL\" type=\"text\" value=\"\" \/><\/div>\n<div id=\"mce-responses\" class=\"clear\"><\/div>\n<div class=\"valid\" style=\"float: right; margin-top: 10px;\"><input id=\"mc-embedded-subscribe\" name=\"subscribe\" type=\"submit\" value=\"S'abonner\" \/><\/div>\n<\/form>\n<\/div>\n<p><!--End mc_embed_signup--><\/p>\n<\/div>\n<p>&nbsp;<\/p>\n<p><img loading=\"lazy\" decoding=\"async\" class=\"alignnone wp-image-366 size-full\" src=\"http:\/\/lucygathier.com\/site\/wp-content\/uploads\/2015\/10\/1452179069_phone.png\" alt=\"t\u00e9l\u00e9phone\" width=\"32\" height=\"32\" \/>\u00a0 06 26 64 36 26<\/p>\n<p><img loading=\"lazy\" decoding=\"async\" class=\"alignnone wp-image-370 size-full\" src=\"http:\/\/lucygathier.com\/site\/wp-content\/uploads\/2015\/10\/1452179245_icon-7-mail-envelope-open.png\" alt=\"mail\" width=\"32\" height=\"32\" \/> <a href=\"mailto:lucy.gathier@yahoo.fr\">lucy.gathier@yahoo.fr<br \/>\n<\/a><\/p>\n<p><a href=\"https:\/\/www.facebook.com\/lucy.gathier\/\"><img loading=\"lazy\" decoding=\"async\" class=\"alignnone wp-image-375 size-full\" src=\"https:\/\/lucygathier.com\/site\/wp-content\/uploads\/2015\/10\/1452179489_facebook_online_social_media.png\" alt=\"\" width=\"32\" height=\"32\" \/><\/a> Retrouvez-moi \u00e9galement sur <a href=\"https:\/\/www.facebook.com\/lucy.gathier\/\" target=\"_blank\" rel=\"noopener noreferrer\">Facebook<\/a>","protected":false},"excerpt":{"rendered":"<p>Trouvez votre voix off bilingue anglaise : c&rsquo;est donc ici que \u00e7a se passe si vous souhaitez entrer en contact avec moi ! Si vous avez une question, une demande de renseignement, un besoin de devis ou si vous souhaitez tout simplement en savoir plus sur ce fabuleux m\u00e9tier de voix off, ou encore sur [&hellip;]<\/p>\n","protected":false},"author":1,"featured_media":0,"parent":0,"menu_order":0,"comment_status":"closed","ping_status":"closed","template":"","meta":{"footnotes":""},"class_list":["post-13","page","type-page","status-publish","hentry"],"_links":{"self":[{"href":"https:\/\/www.lucygathier.com\/site\/wp-json\/wp\/v2\/pages\/13","targetHints":{"allow":["GET"]}}],"collection":[{"href":"https:\/\/www.lucygathier.com\/site\/wp-json\/wp\/v2\/pages"}],"about":[{"href":"https:\/\/www.lucygathier.com\/site\/wp-json\/wp\/v2\/types\/page"}],"author":[{"embeddable":true,"href":"https:\/\/www.lucygathier.com\/site\/wp-json\/wp\/v2\/users\/1"}],"replies":[{"embeddable":true,"href":"https:\/\/www.lucygathier.com\/site\/wp-json\/wp\/v2\/comments?post=13"}],"version-history":[{"count":69,"href":"https:\/\/www.lucygathier.com\/site\/wp-json\/wp\/v2\/pages\/13\/revisions"}],"predecessor-version":[{"id":1127,"href":"https:\/\/www.lucygathier.com\/site\/wp-json\/wp\/v2\/pages\/13\/revisions\/1127"}],"wp:attachment":[{"href":"https:\/\/www.lucygathier.com\/site\/wp-json\/wp\/v2\/media?parent=13"}],"curies":[{"name":"wp","href":"https:\/\/api.w.org\/{rel}","templated":true}]}}