{"id":33,"date":"2015-10-14T15:24:53","date_gmt":"2015-10-14T14:24:53","guid":{"rendered":"http:\/\/lucygathier.com\/site\/?page_id=33"},"modified":"2025-01-13T21:19:12","modified_gmt":"2025-01-13T20:19:12","slug":"bonus","status":"publish","type":"page","link":"https:\/\/www.lucygathier.com\/site\/voix-off-bilingue\/bonus\/","title":{"rendered":"Voix off originale"},"content":{"rendered":"<blockquote>\n<p style=\"text-align: center;\">Com\u00e9dienne <strong>Voix off<\/strong> bilingue<\/p>\n<p style=\"text-align: center;\">\n<\/blockquote>\n<p><strong>Voix off bilingue<\/strong> en anglais et fran\u00e7ais certes, mais je parle aussi allemand, j&rsquo;aime m&rsquo;amuser avec diff\u00e9rents accents et je suis \u00e9galement chanteuse. De nouvelles pistes originales pour votre projet. Venez en discuter avec moi !<\/p>\n<p>Imaginez : une seule et m\u00eame voix dans 3 langues pour votre attente t\u00e9l\u00e9phonique, par exemple&#8230; Un petit plus pour l&rsquo;image et l&rsquo;accessibilit\u00e9 de votre entreprise !<\/p>\n<p>Ou bien vous cherchez peut-\u00eatre une <strong>voix off<\/strong> avec un accent fran\u00e7ais en anglais ou en allemand ?<\/p>\n<p>Ou vous souhaitez quelques mots d&rsquo;une <strong>voix off<\/strong> sur votre musique ?<\/p>\n<p>Ou encore une <strong>voix off<\/strong> avec un accent anglais en fran\u00e7ais ?<\/p>\n<p style=\"text-align: center;\">C\u2019est aussi possible !<\/p>\n<div class=\"cue-playlist-container\">\n<div class=\"cue-playlist cue-theme-default\" itemscope itemtype=\"http:\/\/schema.org\/MusicPlaylist\">\n\t\n\t<meta itemprop=\"numTracks\" content=\"8\" \/>\n\n\t<audio src=\"https:\/\/lucygathier.com\/site\/wp-content\/uploads\/2016\/01\/01_Un_mot_sur_tes_levres_PROHOM.mp3\" controls preload=\"none\" class=\"cue-audio\" style=\"width: 100%; height: auto\"><\/audio>\n\n\t<ol class=\"cue-tracks\">\n\t\t\t\t\t<li class=\"cue-track\" itemprop=\"track\" itemscope itemtype=\"http:\/\/schema.org\/MusicRecording\">\n\t\t\t\t\n\t\t\t\t<span class=\"cue-track-details cue-track-cell\">\n\t\t\t\t\t<span class=\"cue-track-title\" itemprop=\"name\">Un mot sur tes l\u00e8vres PROHOM<\/span>\n\t\t\t\t\t<span class=\"cue-track-artist\" itemprop=\"byArtist\"><\/span>\n\t\t\t\t<\/span>\n\n\t\t\t\t\n\t\t\t\t<span class=\"cue-track-length cue-track-cell\">0:46<\/span>\n\n\t\t\t\t\t\t\t<\/li>\n\t\t\t\t\t<li class=\"cue-track\" itemprop=\"track\" itemscope itemtype=\"http:\/\/schema.org\/MusicRecording\">\n\t\t\t\t\n\t\t\t\t<span class=\"cue-track-details cue-track-cell\">\n\t\t\t\t\t<span class=\"cue-track-title\" itemprop=\"name\">SVI Fran\u00e7ais-Allemand<\/span>\n\t\t\t\t\t<span class=\"cue-track-artist\" itemprop=\"byArtist\"><\/span>\n\t\t\t\t<\/span>\n\n\t\t\t\t\n\t\t\t\t<span class=\"cue-track-length cue-track-cell\">0:39<\/span>\n\n\t\t\t\t\t\t\t<\/li>\n\t\t\t\t\t<li class=\"cue-track\" itemprop=\"track\" itemscope itemtype=\"http:\/\/schema.org\/MusicRecording\">\n\t\t\t\t\n\t\t\t\t<span class=\"cue-track-details cue-track-cell\">\n\t\t\t\t\t<span class=\"cue-track-title\" itemprop=\"name\">Allemand Narration<\/span>\n\t\t\t\t\t<span class=\"cue-track-artist\" itemprop=\"byArtist\"><\/span>\n\t\t\t\t<\/span>\n\n\t\t\t\t\n\t\t\t\t<span class=\"cue-track-length cue-track-cell\">0:30<\/span>\n\n\t\t\t\t\t\t\t<\/li>\n\t\t\t\t\t<li class=\"cue-track\" itemprop=\"track\" itemscope itemtype=\"http:\/\/schema.org\/MusicRecording\">\n\t\t\t\t\n\t\t\t\t<span class=\"cue-track-details cue-track-cell\">\n\t\t\t\t\t<span class=\"cue-track-title\" itemprop=\"name\">Allemand \u2013 girl next door<\/span>\n\t\t\t\t\t<span class=\"cue-track-artist\" itemprop=\"byArtist\"><\/span>\n\t\t\t\t<\/span>\n\n\t\t\t\t\n\t\t\t\t<span class=\"cue-track-length cue-track-cell\">0:10<\/span>\n\n\t\t\t\t\t\t\t<\/li>\n\t\t\t\t\t<li class=\"cue-track\" itemprop=\"track\" itemscope itemtype=\"http:\/\/schema.org\/MusicRecording\">\n\t\t\t\t\n\t\t\t\t<span class=\"cue-track-details cue-track-cell\">\n\t\t\t\t\t<span class=\"cue-track-title\" itemprop=\"name\">Allemand E-Learning<\/span>\n\t\t\t\t\t<span class=\"cue-track-artist\" itemprop=\"byArtist\"><\/span>\n\t\t\t\t<\/span>\n\n\t\t\t\t\n\t\t\t\t<span class=\"cue-track-length cue-track-cell\">0:23<\/span>\n\n\t\t\t\t\t\t\t<\/li>\n\t\t\t\t\t<li class=\"cue-track\" itemprop=\"track\" itemscope itemtype=\"http:\/\/schema.org\/MusicRecording\">\n\t\t\t\t\n\t\t\t\t<span class=\"cue-track-details cue-track-cell\">\n\t\t\t\t\t<span class=\"cue-track-title\" itemprop=\"name\">Fran\u00e7ais avec accent Anglais (voice track)<\/span>\n\t\t\t\t\t<span class=\"cue-track-artist\" itemprop=\"byArtist\"><\/span>\n\t\t\t\t<\/span>\n\n\t\t\t\t\n\t\t\t\t<span class=\"cue-track-length cue-track-cell\">0:21<\/span>\n\n\t\t\t\t\t\t\t<\/li>\n\t\t\t\t\t<li class=\"cue-track\" itemprop=\"track\" itemscope itemtype=\"http:\/\/schema.org\/MusicRecording\">\n\t\t\t\t\n\t\t\t\t<span class=\"cue-track-details cue-track-cell\">\n\t\t\t\t\t<span class=\"cue-track-title\" itemprop=\"name\">Anglais avec accent Fran\u00e7ais<\/span>\n\t\t\t\t\t<span class=\"cue-track-artist\" itemprop=\"byArtist\"><\/span>\n\t\t\t\t<\/span>\n\n\t\t\t\t\n\t\t\t\t<span class=\"cue-track-length cue-track-cell\">0:13<\/span>\n\n\t\t\t\t\t\t\t<\/li>\n\t\t\t\t\t<li class=\"cue-track\" itemprop=\"track\" itemscope itemtype=\"http:\/\/schema.org\/MusicRecording\">\n\t\t\t\t\n\t\t\t\t<span class=\"cue-track-details cue-track-cell\">\n\t\t\t\t\t<span class=\"cue-track-title\" itemprop=\"name\">Bilingue Fran\u00e7ais-Anglais pour cours<\/span>\n\t\t\t\t\t<span class=\"cue-track-artist\" itemprop=\"byArtist\"><\/span>\n\t\t\t\t<\/span>\n\n\t\t\t\t\n\t\t\t\t<span class=\"cue-track-length cue-track-cell\">0:12<\/span>\n\n\t\t\t\t\t\t\t<\/li>\n\t\t\t<\/ol>\n\n\t<\/div>\n\t\t<script type=\"application\/json\" class=\"cue-playlist-data\">{\"embed_link\":\"https:\\\/\\\/www.lucygathier.com\\\/site\\\/?cue_embed=bonus-fr&cue_theme=default\",\"permalink\":\"https:\\\/\\\/www.lucygathier.com\\\/site\\\/?cue_playlist=bonus-fr\",\"skin\":\"cue-skin-default\",\"thumbnail\":\"https:\\\/\\\/www.lucygathier.com\\\/site\\\/wp-content\\\/uploads\\\/2016\\\/01\\\/jaquette2-300x300.jpg\",\"tracks\":[{\"artist\":\"\",\"artworkId\":0,\"artworkUrl\":\"\",\"audioId\":215,\"audioUrl\":\"https:\\\/\\\/lucygathier.com\\\/site\\\/wp-content\\\/uploads\\\/2016\\\/01\\\/01_Un_mot_sur_tes_levres_PROHOM.mp3\",\"format\":\"mp3\",\"length\":\"0:46\",\"title\":\"Un mot sur tes l\\u00e8vres PROHOM\",\"order\":0,\"mp3\":\"https:\\\/\\\/lucygathier.com\\\/site\\\/wp-content\\\/uploads\\\/2016\\\/01\\\/01_Un_mot_sur_tes_levres_PROHOM.mp3\",\"meta\":{\"artist\":\"\",\"length_formatted\":\"0:46\"},\"src\":\"https:\\\/\\\/lucygathier.com\\\/site\\\/wp-content\\\/uploads\\\/2016\\\/01\\\/01_Un_mot_sur_tes_levres_PROHOM.mp3\",\"thumb\":{\"src\":\"\"}},{\"artist\":\"\",\"artworkId\":0,\"artworkUrl\":\"\",\"audioId\":216,\"audioUrl\":\"https:\\\/\\\/lucygathier.com\\\/site\\\/wp-content\\\/uploads\\\/2016\\\/01\\\/02_SVI_bilingue_Franc\\u0327ais_Allemand.mp3\",\"format\":\"mp3\",\"length\":\"0:39\",\"title\":\"SVI Fran\\u00e7ais-Allemand\",\"order\":1,\"mp3\":\"https:\\\/\\\/lucygathier.com\\\/site\\\/wp-content\\\/uploads\\\/2016\\\/01\\\/02_SVI_bilingue_Franc\\u0327ais_Allemand.mp3\",\"meta\":{\"artist\":\"\",\"length_formatted\":\"0:39\"},\"src\":\"https:\\\/\\\/lucygathier.com\\\/site\\\/wp-content\\\/uploads\\\/2016\\\/01\\\/02_SVI_bilingue_Franc\\u0327ais_Allemand.mp3\",\"thumb\":{\"src\":\"\"}},{\"artist\":\"\",\"artworkId\":0,\"artworkUrl\":\"\",\"audioId\":217,\"audioUrl\":\"https:\\\/\\\/lucygathier.com\\\/site\\\/wp-content\\\/uploads\\\/2016\\\/01\\\/03_Allemand_Narration.mp3\",\"format\":\"mp3\",\"length\":\"0:30\",\"title\":\"Allemand Narration\",\"order\":2,\"mp3\":\"https:\\\/\\\/lucygathier.com\\\/site\\\/wp-content\\\/uploads\\\/2016\\\/01\\\/03_Allemand_Narration.mp3\",\"meta\":{\"artist\":\"\",\"length_formatted\":\"0:30\"},\"src\":\"https:\\\/\\\/lucygathier.com\\\/site\\\/wp-content\\\/uploads\\\/2016\\\/01\\\/03_Allemand_Narration.mp3\",\"thumb\":{\"src\":\"\"}},{\"artist\":\"\",\"artworkId\":0,\"artworkUrl\":\"\",\"audioId\":218,\"audioUrl\":\"https:\\\/\\\/lucygathier.com\\\/site\\\/wp-content\\\/uploads\\\/2016\\\/01\\\/04_Allemand_Girl_next_door.mp3\",\"format\":\"mp3\",\"length\":\"0:10\",\"title\":\"Allemand \\u2013 girl next door\",\"order\":3,\"mp3\":\"https:\\\/\\\/lucygathier.com\\\/site\\\/wp-content\\\/uploads\\\/2016\\\/01\\\/04_Allemand_Girl_next_door.mp3\",\"meta\":{\"artist\":\"\",\"length_formatted\":\"0:10\"},\"src\":\"https:\\\/\\\/lucygathier.com\\\/site\\\/wp-content\\\/uploads\\\/2016\\\/01\\\/04_Allemand_Girl_next_door.mp3\",\"thumb\":{\"src\":\"\"}},{\"artist\":\"\",\"artworkId\":0,\"artworkUrl\":\"\",\"audioId\":219,\"audioUrl\":\"https:\\\/\\\/lucygathier.com\\\/site\\\/wp-content\\\/uploads\\\/2016\\\/01\\\/05_Allemand_E_Learning.mp3\",\"format\":\"mp3\",\"length\":\"0:23\",\"title\":\"Allemand E-Learning\",\"order\":4,\"mp3\":\"https:\\\/\\\/lucygathier.com\\\/site\\\/wp-content\\\/uploads\\\/2016\\\/01\\\/05_Allemand_E_Learning.mp3\",\"meta\":{\"artist\":\"\",\"length_formatted\":\"0:23\"},\"src\":\"https:\\\/\\\/lucygathier.com\\\/site\\\/wp-content\\\/uploads\\\/2016\\\/01\\\/05_Allemand_E_Learning.mp3\",\"thumb\":{\"src\":\"\"}},{\"artist\":\"\",\"artworkId\":0,\"artworkUrl\":\"\",\"audioId\":220,\"audioUrl\":\"https:\\\/\\\/lucygathier.com\\\/site\\\/wp-content\\\/uploads\\\/2016\\\/01\\\/06_Franc\\u0327ais_accent_Anglais_voice-track.mp3\",\"format\":\"mp3\",\"length\":\"0:21\",\"title\":\"Fran\\u00e7ais avec accent Anglais (voice track)\",\"order\":5,\"mp3\":\"https:\\\/\\\/lucygathier.com\\\/site\\\/wp-content\\\/uploads\\\/2016\\\/01\\\/06_Franc\\u0327ais_accent_Anglais_voice-track.mp3\",\"meta\":{\"artist\":\"\",\"length_formatted\":\"0:21\"},\"src\":\"https:\\\/\\\/lucygathier.com\\\/site\\\/wp-content\\\/uploads\\\/2016\\\/01\\\/06_Franc\\u0327ais_accent_Anglais_voice-track.mp3\",\"thumb\":{\"src\":\"\"}},{\"artist\":\"\",\"artworkId\":0,\"artworkUrl\":\"\",\"audioId\":221,\"audioUrl\":\"https:\\\/\\\/lucygathier.com\\\/site\\\/wp-content\\\/uploads\\\/2016\\\/01\\\/07_Anglais_accent_Franc\\u0327ais.mp3\",\"format\":\"mp3\",\"length\":\"0:13\",\"title\":\"Anglais avec accent Fran\\u00e7ais\",\"order\":6,\"mp3\":\"https:\\\/\\\/lucygathier.com\\\/site\\\/wp-content\\\/uploads\\\/2016\\\/01\\\/07_Anglais_accent_Franc\\u0327ais.mp3\",\"meta\":{\"artist\":\"\",\"length_formatted\":\"0:13\"},\"src\":\"https:\\\/\\\/lucygathier.com\\\/site\\\/wp-content\\\/uploads\\\/2016\\\/01\\\/07_Anglais_accent_Franc\\u0327ais.mp3\",\"thumb\":{\"src\":\"\"}},{\"artist\":\"\",\"artworkId\":0,\"artworkUrl\":\"\",\"audioId\":257,\"audioUrl\":\"https:\\\/\\\/lucygathier.com\\\/site\\\/wp-content\\\/uploads\\\/2016\\\/01\\\/08_Bilingue_Franc\\u0327ais_Anglais_pedagogique1.mp3\",\"format\":\"mp3\",\"length\":\"0:12\",\"title\":\"Bilingue Fran\\u00e7ais-Anglais pour cours\",\"order\":7,\"mp3\":\"https:\\\/\\\/lucygathier.com\\\/site\\\/wp-content\\\/uploads\\\/2016\\\/01\\\/08_Bilingue_Franc\\u0327ais_Anglais_pedagogique1.mp3\",\"meta\":{\"artist\":\"\",\"length_formatted\":\"0:12\"},\"src\":\"https:\\\/\\\/lucygathier.com\\\/site\\\/wp-content\\\/uploads\\\/2016\\\/01\\\/08_Bilingue_Franc\\u0327ais_Anglais_pedagogique1.mp3\",\"thumb\":{\"src\":\"\"}}]}<\/script>\n\t\t<\/div>\n<p style=\"text-align: center;\"><a href=\"https:\/\/lucygathier.com\/site\/contact\/\"><strong>Contactez-moi\u00a0<\/strong>pour\u00a0toute information, demande de d\u00e9mo <strong>voix off<\/strong>\u00a0ou pour un devis.<\/a><\/p>\n<p style=\"text-align: center;\"><a href=\"https:\/\/www.facebook.com\/lucy.gathier\/\"><img loading=\"lazy\" decoding=\"async\" class=\"alignnone wp-image-375 size-full\" src=\"https:\/\/lucygathier.com\/site\/wp-content\/uploads\/2015\/10\/1452179489_facebook_online_social_media.png\" alt=\"\" width=\"32\" height=\"32\" \/><\/a> Retrouvez-moi \u00e9galement sur <a href=\"https:\/\/www.facebook.com\/lucy.gathier\/\" target=\"_blank\" rel=\"noopener noreferrer\">Facebook<\/a><\/p>","protected":false},"excerpt":{"rendered":"<p>Com\u00e9dienne Voix off bilingue Voix off bilingue en anglais et fran\u00e7ais certes, mais je parle aussi allemand, j&rsquo;aime m&rsquo;amuser avec diff\u00e9rents accents et je suis \u00e9galement chanteuse. De nouvelles pistes originales pour votre projet. Venez en discuter avec moi ! Imaginez : une seule et m\u00eame voix dans 3 langues pour votre attente t\u00e9l\u00e9phonique, par [&hellip;]<\/p>\n","protected":false},"author":1,"featured_media":0,"parent":7,"menu_order":0,"comment_status":"closed","ping_status":"closed","template":"","meta":{"footnotes":""},"class_list":["post-33","page","type-page","status-publish","hentry"],"_links":{"self":[{"href":"https:\/\/www.lucygathier.com\/site\/wp-json\/wp\/v2\/pages\/33","targetHints":{"allow":["GET"]}}],"collection":[{"href":"https:\/\/www.lucygathier.com\/site\/wp-json\/wp\/v2\/pages"}],"about":[{"href":"https:\/\/www.lucygathier.com\/site\/wp-json\/wp\/v2\/types\/page"}],"author":[{"embeddable":true,"href":"https:\/\/www.lucygathier.com\/site\/wp-json\/wp\/v2\/users\/1"}],"replies":[{"embeddable":true,"href":"https:\/\/www.lucygathier.com\/site\/wp-json\/wp\/v2\/comments?post=33"}],"version-history":[{"count":35,"href":"https:\/\/www.lucygathier.com\/site\/wp-json\/wp\/v2\/pages\/33\/revisions"}],"predecessor-version":[{"id":1102,"href":"https:\/\/www.lucygathier.com\/site\/wp-json\/wp\/v2\/pages\/33\/revisions\/1102"}],"up":[{"embeddable":true,"href":"https:\/\/www.lucygathier.com\/site\/wp-json\/wp\/v2\/pages\/7"}],"wp:attachment":[{"href":"https:\/\/www.lucygathier.com\/site\/wp-json\/wp\/v2\/media?parent=33"}],"curies":[{"name":"wp","href":"https:\/\/api.w.org\/{rel}","templated":true}]}}