{"id":7,"date":"2015-10-14T15:09:29","date_gmt":"2015-10-14T14:09:29","guid":{"rendered":"http:\/\/lucygathier.com\/site\/?page_id=7"},"modified":"2025-01-13T21:17:49","modified_gmt":"2025-01-13T20:17:49","slug":"voix-off-bilingue","status":"publish","type":"page","link":"https:\/\/www.lucygathier.com\/site\/voix-off-bilingue\/","title":{"rendered":"Voix off bilingue"},"content":{"rendered":"<p style=\"text-align: center;\">Vous\u00a0\u00eates \u00e0 la recherche\u00a0d&rsquo;une\u00a0<strong>voix off bilingue\u00a0<\/strong><\/p>\r\n<p style=\"text-align: justify;\">souriante, informative, institutionnelle, journalistique, investie, p\u00e9dagogique, authentique, anim\u00e9e, chaleureuse, engag\u00e9e, rassurante, amicale \u2026<\/p>\r\n<p>Id\u00e9ale pour <strong>la narration, le commentaire et le voice over<\/strong>, ma voix peut toutefois se d\u00e9cliner selon vos besoins. Donc n&rsquo;h\u00e9sitez pas \u00e0 me pr\u00e9ciser votre recherche et je t\u00e2cherai de m&rsquo;adapter \u00e0 vos attentes.\u00a0<\/p>\r\n<p>D\u00e9couvrez ce qu&rsquo;est une vraie <strong>voix off bilingue de naissance : pas d&rsquo;accent \u00e9tranger, ni en fran\u00e7ais, ni en anglais.<\/strong><\/p>\r\n<div class=\"su-row\"><div class=\"su-column su-column-size-1-3\"><div class=\"su-column-inner su-u-clearfix su-u-trim\">\r\n<div class=\"conteneur_image_accueil\">\r\n<div class=\"image-center\">\r\n<div class=\"image-wrap\"><a href=\"https:\/\/lucygathier.com\/site\/wp-content\/uploads\/2015\/10\/test_photo_jaquette_3.jpg\"><img loading=\"lazy\" decoding=\"async\" class=\"alignnone wp-image-316 size-medium\" src=\"https:\/\/lucygathier.com\/site\/wp-content\/uploads\/2015\/10\/test_photo_jaquette_3-300x300.jpg\" alt=\"\" width=\"300\" height=\"300\" srcset=\"https:\/\/www.lucygathier.com\/site\/wp-content\/uploads\/2015\/10\/test_photo_jaquette_3-300x300.jpg 300w, https:\/\/www.lucygathier.com\/site\/wp-content\/uploads\/2015\/10\/test_photo_jaquette_3-150x150.jpg 150w, https:\/\/www.lucygathier.com\/site\/wp-content\/uploads\/2015\/10\/test_photo_jaquette_3-1024x1024.jpg 1024w, https:\/\/www.lucygathier.com\/site\/wp-content\/uploads\/2015\/10\/test_photo_jaquette_3-530x530.jpg 530w, https:\/\/www.lucygathier.com\/site\/wp-content\/uploads\/2015\/10\/test_photo_jaquette_3.jpg 1920w\" sizes=\"auto, (max-width: 300px) 100vw, 300px\" \/><\/a><\/div>\r\n<div class=\"text\">\r\n<h2>Voix en anglais<\/h2>\r\n<div>\r\n<p style=\"text-align: center;\"><strong>Voix off anglaise\u00a0 \u00a0 \u00a0 \u00a0 \u00a0 \u00a0 \u00a0 \u00a0 \u00a0 \u00a0 \u00a0 \u00a0<\/strong><\/p>\r\n<p><a class=\"link\" href=\"https:\/\/lucygathier.com\/site\/voix\/anglais\/\">Ecouter<\/a><\/p>\r\n<\/div>\r\n<\/div>\r\n<\/div>\r\n<\/div>\r\n<\/div><\/div><div class=\"su-column su-column-size-1-3\"><div class=\"su-column-inner su-u-clearfix su-u-trim\">\r\n<div class=\"conteneur_image_accueil\">\r\n<div class=\"image-center\">\r\n<div class=\"image-wrap\"><a href=\"https:\/\/lucygathier.com\/site\/wp-content\/uploads\/2015\/10\/test_photo_jaquette_4.jpg\"><img loading=\"lazy\" decoding=\"async\" class=\"alignnone wp-image-318 size-medium\" src=\"https:\/\/lucygathier.com\/site\/wp-content\/uploads\/2015\/10\/test_photo_jaquette_4-300x300.jpg\" alt=\"\" width=\"300\" height=\"300\" srcset=\"https:\/\/www.lucygathier.com\/site\/wp-content\/uploads\/2015\/10\/test_photo_jaquette_4-300x300.jpg 300w, https:\/\/www.lucygathier.com\/site\/wp-content\/uploads\/2015\/10\/test_photo_jaquette_4-150x150.jpg 150w, https:\/\/www.lucygathier.com\/site\/wp-content\/uploads\/2015\/10\/test_photo_jaquette_4-1024x1024.jpg 1024w, https:\/\/www.lucygathier.com\/site\/wp-content\/uploads\/2015\/10\/test_photo_jaquette_4-530x530.jpg 530w, https:\/\/www.lucygathier.com\/site\/wp-content\/uploads\/2015\/10\/test_photo_jaquette_4.jpg 1920w\" sizes=\"auto, (max-width: 300px) 100vw, 300px\" \/><\/a><\/div>\r\n<div class=\"text\">\r\n<h2>Voix en fran\u00e7ais<\/h2>\r\n<div>\r\n<p style=\"text-align: center;\"><strong>Voix off fran\u00e7aise\u00a0 \u00a0 \u00a0 \u00a0 \u00a0 \u00a0 \u00a0 \u00a0 \u00a0 \u00a0 \u00a0<\/strong><\/p>\r\n<p><a class=\"link\" href=\"https:\/\/lucygathier.com\/site\/voix\/francais\/\">Ecouter<\/a><\/p>\r\n<\/div>\r\n<\/div>\r\n<\/div>\r\n<\/div>\r\n<\/div><\/div><div class=\"su-column su-column-size-1-3\"><div class=\"su-column-inner su-u-clearfix su-u-trim\">\r\n<div class=\"conteneur_image_accueil\">\r\n<div class=\"image-center\">\r\n<div class=\"image-wrap\"><a href=\"https:\/\/lucygathier.com\/site\/wp-content\/uploads\/2015\/10\/test_photo_jaquette_2.jpg\"><img loading=\"lazy\" decoding=\"async\" class=\"alignnone wp-image-314 size-medium\" src=\"https:\/\/lucygathier.com\/site\/wp-content\/uploads\/2015\/10\/test_photo_jaquette_2-300x300.jpg\" alt=\"\" width=\"300\" height=\"300\" srcset=\"https:\/\/www.lucygathier.com\/site\/wp-content\/uploads\/2015\/10\/test_photo_jaquette_2-300x300.jpg 300w, https:\/\/www.lucygathier.com\/site\/wp-content\/uploads\/2015\/10\/test_photo_jaquette_2-150x150.jpg 150w, https:\/\/www.lucygathier.com\/site\/wp-content\/uploads\/2015\/10\/test_photo_jaquette_2-1024x1024.jpg 1024w, https:\/\/www.lucygathier.com\/site\/wp-content\/uploads\/2015\/10\/test_photo_jaquette_2-530x530.jpg 530w, https:\/\/www.lucygathier.com\/site\/wp-content\/uploads\/2015\/10\/test_photo_jaquette_2.jpg 1920w\" sizes=\"auto, (max-width: 300px) 100vw, 300px\" \/><\/a><\/div>\r\n<div class=\"text\">\r\n<h2>Bonus<\/h2>\r\n<div>\r\n<p style=\"text-align: center;\"><strong>Voix off bonus en fran\u00e7ais, anglais et allemand!<\/strong><\/p>\r\n<p><a class=\"link\" href=\"https:\/\/lucygathier.com\/site\/voix\/bonus\/\">Ecouter<\/a><\/p>\r\n<\/div>\r\n<\/div>\r\n<\/div>\r\n<\/div>\r\n<\/div><\/div><\/div>\r\n\r\n<p><a href=\"https:\/\/www.facebook.com\/lucy.gathier\/\"><img loading=\"lazy\" decoding=\"async\" class=\"alignnone wp-image-375 size-full\" src=\"https:\/\/lucygathier.com\/site\/wp-content\/uploads\/2015\/10\/1452179489_facebook_online_social_media.png\" alt=\"\" width=\"32\" height=\"32\" \/><\/a>\u00a0Retrouvez-moi \u00e9galement sur <a href=\"https:\/\/www.facebook.com\/lucy.gathier\/\" target=\"_blank\" rel=\"noopener noreferrer\">Facebook<\/a><\/p>","protected":false},"excerpt":{"rendered":"<p>Vous\u00a0\u00eates \u00e0 la recherche\u00a0d&rsquo;une\u00a0voix off bilingue\u00a0 souriante, informative, institutionnelle, journalistique, investie, p\u00e9dagogique, authentique, anim\u00e9e, chaleureuse, engag\u00e9e, rassurante, amicale \u2026 Id\u00e9ale pour la narration, le commentaire et le voice over, ma voix peut toutefois se d\u00e9cliner selon vos besoins. Donc n&rsquo;h\u00e9sitez pas \u00e0 me pr\u00e9ciser votre recherche et je t\u00e2cherai de m&rsquo;adapter \u00e0 vos attentes.\u00a0 D\u00e9couvrez [&hellip;]<\/p>\n","protected":false},"author":1,"featured_media":0,"parent":0,"menu_order":0,"comment_status":"closed","ping_status":"closed","template":"","meta":{"footnotes":""},"class_list":["post-7","page","type-page","status-publish","hentry"],"_links":{"self":[{"href":"https:\/\/www.lucygathier.com\/site\/wp-json\/wp\/v2\/pages\/7","targetHints":{"allow":["GET"]}}],"collection":[{"href":"https:\/\/www.lucygathier.com\/site\/wp-json\/wp\/v2\/pages"}],"about":[{"href":"https:\/\/www.lucygathier.com\/site\/wp-json\/wp\/v2\/types\/page"}],"author":[{"embeddable":true,"href":"https:\/\/www.lucygathier.com\/site\/wp-json\/wp\/v2\/users\/1"}],"replies":[{"embeddable":true,"href":"https:\/\/www.lucygathier.com\/site\/wp-json\/wp\/v2\/comments?post=7"}],"version-history":[{"count":93,"href":"https:\/\/www.lucygathier.com\/site\/wp-json\/wp\/v2\/pages\/7\/revisions"}],"predecessor-version":[{"id":1099,"href":"https:\/\/www.lucygathier.com\/site\/wp-json\/wp\/v2\/pages\/7\/revisions\/1099"}],"wp:attachment":[{"href":"https:\/\/www.lucygathier.com\/site\/wp-json\/wp\/v2\/media?parent=7"}],"curies":[{"name":"wp","href":"https:\/\/api.w.org\/{rel}","templated":true}]}}